{"id":441,"date":"2023-12-15T21:18:27","date_gmt":"2023-12-15T20:18:27","guid":{"rendered":"https:\/\/rewindcampeonato.com\/?page_id=441"},"modified":"2026-01-15T10:42:29","modified_gmt":"2026-01-15T09:42:29","slug":"rewind-campeonato-2024","status":"publish","type":"page","link":"https:\/\/rewindcampeonato.com\/","title":{"rendered":"REWIND 26"},"content":{"rendered":"\n<p><\/p>\n\n\n\n<p class=\"has-text-align-center\">El objetivo de Rewind es promover la participaci\u00f3n de todos los bailarines en el \u00e1mbito de la cultura urbana. Incentivando as\u00ed pr\u00e1cticas saludables y el respeto entre compa\u00f1eros. Potenciar y apoyar la formaci\u00f3n, creatividad y esencia de cada uno de los participantes y as\u00ed poder conseguir con este evento un d\u00eda de disfrute, uni\u00f3n y aprendizaje com\u00fan<\/p>\n\n\n\n<hr class=\"wp-block-separator has-text-color has-alpha-channel-opacity has-background\" style=\"background-color:#ff6900;color:#ff6900\"\/>\n\n\n<p style=\"text-align: center;\">Inscripciones en la web de<strong> <a href=\"https:\/\/www.wop.online\/events\/ggiyS7oySCbJH3LXj\" target=\"_blank\" rel=\"noreferrer noopener\">WOP.ONLINE<\/a><\/strong>.<\/p>\n\n\n<p class=\"has-text-align-center\">Puedes descargarte <a href=\"https:\/\/static.wop.online\/event\/7pztmxEZZQobHXFbN\/background\/BASES%20REWIND%202026.pdf\" data-type=\"link\" data-id=\"https:\/\/static.wop.online\/event\/7pztmxEZZQobHXFbN\/background\/BASES%20REWIND%202026.pdf\"><strong>AQU\u00cd<\/strong> <\/a>las bases del evento.<\/p>\n\n\n\n<p class=\"has-text-align-center\">Para participar en el evento tambi\u00e9n es necesario rellenar la autorizaci\u00f3n:<\/p>\n\n\n\n<ul class=\"wp-block-list\">\n<li>Autorizaci\u00f3n <a href=\"https:\/\/static.wop.online\/event\/WyLnBJczXb4Mdg63s\/authAdultTemplate\/a4k5sjSpLCxYtQMwJ.pdf\" data-type=\"link\" data-id=\"https:\/\/static.wop.online\/event\/WyLnBJczXb4Mdg63s\/authAdultTemplate\/a4k5sjSpLCxYtQMwJ.pdf\">ADULTOS<\/a><\/li>\n\n\n\n<li>Autorizaci\u00f3n <a href=\"https:\/\/static.wop.online\/event\/WyLnBJczXb4Mdg63s\/authMenorTemplate\/XzGvMYNiByyDbdczm.pdf\" data-type=\"link\" data-id=\"https:\/\/static.wop.online\/event\/WyLnBJczXb4Mdg63s\/authMenorTemplate\/XzGvMYNiByyDbdczm.pdf\">MENORES<\/a><\/li>\n<\/ul>\n\n\n\n<figure class=\"wp-block-image size-full\"><img loading=\"lazy\" decoding=\"async\" width=\"790\" height=\"188\" src=\"https:\/\/rewindcampeonato.com\/wp-content\/uploads\/2026\/01\/bases.png\" alt=\"\" class=\"wp-image-631\" srcset=\"https:\/\/rewindcampeonato.com\/wp-content\/uploads\/2026\/01\/bases.png 790w, https:\/\/rewindcampeonato.com\/wp-content\/uploads\/2026\/01\/bases-300x71.png 300w, https:\/\/rewindcampeonato.com\/wp-content\/uploads\/2026\/01\/bases-768x183.png 768w, https:\/\/rewindcampeonato.com\/wp-content\/uploads\/2026\/01\/bases-400x95.png 400w\" sizes=\"auto, (max-width: 790px) 100vw, 790px\" \/><\/figure>\n\n\n\n<ul class=\"wp-block-list\">\n<li>Fecha: \n<ul class=\"wp-block-list\">\n<li>28 Y 29 de MARZO de 2026<\/li>\n<\/ul>\n<\/li>\n\n\n\n<li>Lugar: \n<ul class=\"wp-block-list\">\n<li>Centro de \u00c1rtes Esc\u00e9nicas (CAES)<\/li>\n\n\n\n<li>C. Pedro L\u00f3pez, 2, <\/li>\n\n\n\n<li>30700 Torre-Pacheco, Murcia<\/li>\n<\/ul>\n<\/li>\n<\/ul>\n\n\n\n<center><iframe src=\"https:\/\/www.google.com\/maps\/embed?pb=!1m18!1m12!1m3!1d3155.1364180398364!2d-0.9567860848658111!3d37.7399437219361!2m3!1f0!2f0!3f0!3m2!1i1024!2i768!4f13.1!3m3!1m2!1s0xd636c687526b68f%3A0x716da3479c4d9fb0!2sCentro%20De%20Artes%20Esc%C3%A9nicas!5e0!3m2!1ses!2ses!4v1669224626643!5m2!1ses!2ses\" width=\"100%\" height=\"200\" style=\"border:0;\" allowfullscreen=\"\" loading=\"lazy\" referrerpolicy=\"no-referrer-when-downgrade\"><\/iframe><\/center>\n\n\n\n<p class=\"has-text-align-center\">\ud83d\udd38<strong><u>CONTACTO E INFORMACI\u00d3N<\/u><\/strong>\ud83d\udd38<\/p>\n\n\n\n<ul class=\"wp-block-list\">\n<li>Si tienes alguna duda puedes escribirnos un DM por Instagram: @rewindcampeonato \u2709\ufe0f<\/li>\n<\/ul>\n\n\n<div class=\"wp-block-image\">\n<figure class=\"aligncenter size-full is-resized\"><img loading=\"lazy\" decoding=\"async\" width=\"875\" height=\"1000\" src=\"https:\/\/rewindcampeonato.com\/wp-content\/uploads\/2026\/01\/victor-vazquez.png\" alt=\"\" class=\"wp-image-639\" style=\"aspect-ratio:0.8750028016226998;object-fit:contain;width:345px\" srcset=\"https:\/\/rewindcampeonato.com\/wp-content\/uploads\/2026\/01\/victor-vazquez.png 875w, https:\/\/rewindcampeonato.com\/wp-content\/uploads\/2026\/01\/victor-vazquez-263x300.png 263w, https:\/\/rewindcampeonato.com\/wp-content\/uploads\/2026\/01\/victor-vazquez-768x878.png 768w, https:\/\/rewindcampeonato.com\/wp-content\/uploads\/2026\/01\/victor-vazquez-350x400.png 350w\" sizes=\"auto, (max-width: 875px) 100vw, 875px\" \/><\/figure>\n<\/div>\n\n<div class=\"wp-block-image\">\n<figure class=\"aligncenter size-full is-resized\"><img loading=\"lazy\" decoding=\"async\" width=\"875\" height=\"1000\" src=\"https:\/\/rewindcampeonato.com\/wp-content\/uploads\/2026\/01\/Kiko-lopez-1.png\" alt=\"\" class=\"wp-image-642\" style=\"aspect-ratio:0.8750028016226998;width:346px;height:auto\" srcset=\"https:\/\/rewindcampeonato.com\/wp-content\/uploads\/2026\/01\/Kiko-lopez-1.png 875w, https:\/\/rewindcampeonato.com\/wp-content\/uploads\/2026\/01\/Kiko-lopez-1-263x300.png 263w, https:\/\/rewindcampeonato.com\/wp-content\/uploads\/2026\/01\/Kiko-lopez-1-768x878.png 768w, https:\/\/rewindcampeonato.com\/wp-content\/uploads\/2026\/01\/Kiko-lopez-1-350x400.png 350w\" sizes=\"auto, (max-width: 875px) 100vw, 875px\" \/><\/figure>\n<\/div>\n\n<div class=\"wp-block-image\">\n<figure class=\"aligncenter size-full is-resized\"><img loading=\"lazy\" decoding=\"async\" width=\"875\" height=\"1000\" src=\"https:\/\/rewindcampeonato.com\/wp-content\/uploads\/2026\/01\/ainara-prieto.png\" alt=\"\" class=\"wp-image-643\" style=\"aspect-ratio:0.8750028016226998;width:348px;height:auto\" srcset=\"https:\/\/rewindcampeonato.com\/wp-content\/uploads\/2026\/01\/ainara-prieto.png 875w, https:\/\/rewindcampeonato.com\/wp-content\/uploads\/2026\/01\/ainara-prieto-263x300.png 263w, https:\/\/rewindcampeonato.com\/wp-content\/uploads\/2026\/01\/ainara-prieto-768x878.png 768w, https:\/\/rewindcampeonato.com\/wp-content\/uploads\/2026\/01\/ainara-prieto-350x400.png 350w\" sizes=\"auto, (max-width: 875px) 100vw, 875px\" \/><\/figure>\n<\/div>","protected":false},"excerpt":{"rendered":"<p>El objetivo de Rewind es promover la participaci\u00f3n de todos los bailarines en el \u00e1mbito de la cultura urbana. Incentivando as\u00ed pr\u00e1cticas saludables y el respeto entre compa\u00f1eros. Potenciar y apoyar la formaci\u00f3n, creatividad y esencia de cada uno de los participantes y as\u00ed poder conseguir con este evento un d\u00eda de disfrute, uni\u00f3n y [&hellip;]<\/p>\n","protected":false},"author":1,"featured_media":0,"parent":0,"menu_order":0,"comment_status":"closed","ping_status":"closed","template":"","meta":{"footnotes":""},"class_list":["post-441","page","type-page","status-publish","hentry"],"jetpack_sharing_enabled":true,"_links":{"self":[{"href":"https:\/\/rewindcampeonato.com\/index.php\/wp-json\/wp\/v2\/pages\/441","targetHints":{"allow":["GET"]}}],"collection":[{"href":"https:\/\/rewindcampeonato.com\/index.php\/wp-json\/wp\/v2\/pages"}],"about":[{"href":"https:\/\/rewindcampeonato.com\/index.php\/wp-json\/wp\/v2\/types\/page"}],"author":[{"embeddable":true,"href":"https:\/\/rewindcampeonato.com\/index.php\/wp-json\/wp\/v2\/users\/1"}],"replies":[{"embeddable":true,"href":"https:\/\/rewindcampeonato.com\/index.php\/wp-json\/wp\/v2\/comments?post=441"}],"version-history":[{"count":36,"href":"https:\/\/rewindcampeonato.com\/index.php\/wp-json\/wp\/v2\/pages\/441\/revisions"}],"predecessor-version":[{"id":646,"href":"https:\/\/rewindcampeonato.com\/index.php\/wp-json\/wp\/v2\/pages\/441\/revisions\/646"}],"wp:attachment":[{"href":"https:\/\/rewindcampeonato.com\/index.php\/wp-json\/wp\/v2\/media?parent=441"}],"curies":[{"name":"wp","href":"https:\/\/api.w.org\/{rel}","templated":true}]}}