{"id":452,"date":"2023-12-15T21:39:35","date_gmt":"2023-12-15T20:39:35","guid":{"rendered":"https:\/\/rewindcampeonato.com\/?page_id=452"},"modified":"2024-01-07T10:58:01","modified_gmt":"2024-01-07T09:58:01","slug":"battles-23","status":"publish","type":"page","link":"https:\/\/rewindcampeonato.com\/index.php\/battles-23\/","title":{"rendered":"BATTLES 23"},"content":{"rendered":"\n<hr class=\"wp-block-separator has-text-color has-alpha-channel-opacity has-background is-style-default\" style=\"background-color:#fb4e02;color:#fb4e02\"\/>\n\n\n\n<p class=\"has-text-align-center\">Aqu\u00ed ten\u00e9is todos los v\u00eddeos de la batalla 1 contra 1 All Styles Kids<\/p>\n\n\n\n<figure class=\"wp-block-image size-large is-resized\"><a href=\"https:\/\/drive.google.com\/drive\/folders\/1BsPB8gQhQDiU4QHJOkKBMXjTv_rR2fxr?usp=sharing\"><img loading=\"lazy\" decoding=\"async\" width=\"1024\" height=\"320\" src=\"https:\/\/rewindcampeonato.com\/wp-content\/uploads\/2023\/12\/Sin-titulo-1-1024x320.png\" alt=\"\" class=\"wp-image-560\" style=\"width:610px;height:auto\" srcset=\"https:\/\/rewindcampeonato.com\/wp-content\/uploads\/2023\/12\/Sin-titulo-1-1024x320.png 1024w, https:\/\/rewindcampeonato.com\/wp-content\/uploads\/2023\/12\/Sin-titulo-1-600x188.png 600w, https:\/\/rewindcampeonato.com\/wp-content\/uploads\/2023\/12\/Sin-titulo-1-300x94.png 300w, https:\/\/rewindcampeonato.com\/wp-content\/uploads\/2023\/12\/Sin-titulo-1-768x240.png 768w, https:\/\/rewindcampeonato.com\/wp-content\/uploads\/2023\/12\/Sin-titulo-1-1536x480.png 1536w, https:\/\/rewindcampeonato.com\/wp-content\/uploads\/2023\/12\/Sin-titulo-1-1200x375.png 1200w, https:\/\/rewindcampeonato.com\/wp-content\/uploads\/2023\/12\/Sin-titulo-1-1320x413.png 1320w, https:\/\/rewindcampeonato.com\/wp-content\/uploads\/2023\/12\/Sin-titulo-1-400x125.png 400w, https:\/\/rewindcampeonato.com\/wp-content\/uploads\/2023\/12\/Sin-titulo-1-1000x313.png 1000w, https:\/\/rewindcampeonato.com\/wp-content\/uploads\/2023\/12\/Sin-titulo-1.png 1920w\" sizes=\"auto, (max-width: 1024px) 100vw, 1024px\" \/><\/a><\/figure>\n\n\n\n<p class=\"has-text-align-center\">Haz click <a href=\"https:\/\/drive.google.com\/drive\/folders\/1BsPB8gQhQDiU4QHJOkKBMXjTv_rR2fxr?usp=sharing\">AQU\u00cd <\/a>en caso de que el bot\u00f3n de arriba no funcione.<\/p>\n\n\n\n<p class=\"has-text-align-center\">Aqu\u00ed ten\u00e9is todos los v\u00eddeos de la batalla 2 contra 2 All Styles.<\/p>\n\n\n\n<figure class=\"wp-block-image size-large\"><a href=\"https:\/\/drive.google.com\/drive\/folders\/1NapwVRJZJ9Ol0YU6CX5PbHVwcNY7vzBY?usp=sharing\"><img loading=\"lazy\" decoding=\"async\" width=\"1024\" height=\"320\" src=\"https:\/\/rewindcampeonato.com\/wp-content\/uploads\/2024\/01\/videosallstyles-1024x320.png\" alt=\"\" class=\"wp-image-584\" srcset=\"https:\/\/rewindcampeonato.com\/wp-content\/uploads\/2024\/01\/videosallstyles-1024x320.png 1024w, https:\/\/rewindcampeonato.com\/wp-content\/uploads\/2024\/01\/videosallstyles-300x94.png 300w, https:\/\/rewindcampeonato.com\/wp-content\/uploads\/2024\/01\/videosallstyles-768x240.png 768w, https:\/\/rewindcampeonato.com\/wp-content\/uploads\/2024\/01\/videosallstyles-1536x480.png 1536w, https:\/\/rewindcampeonato.com\/wp-content\/uploads\/2024\/01\/videosallstyles-1200x375.png 1200w, https:\/\/rewindcampeonato.com\/wp-content\/uploads\/2024\/01\/videosallstyles-1320x413.png 1320w, https:\/\/rewindcampeonato.com\/wp-content\/uploads\/2024\/01\/videosallstyles-600x188.png 600w, https:\/\/rewindcampeonato.com\/wp-content\/uploads\/2024\/01\/videosallstyles-400x125.png 400w, https:\/\/rewindcampeonato.com\/wp-content\/uploads\/2024\/01\/videosallstyles-1000x313.png 1000w, https:\/\/rewindcampeonato.com\/wp-content\/uploads\/2024\/01\/videosallstyles.png 1920w\" sizes=\"auto, (max-width: 1024px) 100vw, 1024px\" \/><\/a><\/figure>\n\n\n\n<p class=\"has-text-align-center\">Haz click <a href=\"https:\/\/drive.google.com\/drive\/folders\/1NapwVRJZJ9Ol0YU6CX5PbHVwcNY7vzBY?usp=sharing\">AQU\u00cd <\/a>en caso de que el bot\u00f3n de arriba no funcione.<\/p>\n","protected":false},"excerpt":{"rendered":"<p>Aqu\u00ed ten\u00e9is todos los v\u00eddeos de la batalla 1 contra 1 All Styles Kids Haz click AQU\u00cd en caso de que el bot\u00f3n de arriba no funcione. Aqu\u00ed ten\u00e9is todos los v\u00eddeos de la batalla 2 contra 2 All Styles. Haz click AQU\u00cd en caso de que el bot\u00f3n de arriba no funcione.<\/p>\n","protected":false},"author":1,"featured_media":0,"parent":0,"menu_order":0,"comment_status":"closed","ping_status":"closed","template":"","meta":{"footnotes":""},"class_list":["post-452","page","type-page","status-publish","hentry"],"jetpack_sharing_enabled":true,"_links":{"self":[{"href":"https:\/\/rewindcampeonato.com\/index.php\/wp-json\/wp\/v2\/pages\/452","targetHints":{"allow":["GET"]}}],"collection":[{"href":"https:\/\/rewindcampeonato.com\/index.php\/wp-json\/wp\/v2\/pages"}],"about":[{"href":"https:\/\/rewindcampeonato.com\/index.php\/wp-json\/wp\/v2\/types\/page"}],"author":[{"embeddable":true,"href":"https:\/\/rewindcampeonato.com\/index.php\/wp-json\/wp\/v2\/users\/1"}],"replies":[{"embeddable":true,"href":"https:\/\/rewindcampeonato.com\/index.php\/wp-json\/wp\/v2\/comments?post=452"}],"version-history":[{"count":10,"href":"https:\/\/rewindcampeonato.com\/index.php\/wp-json\/wp\/v2\/pages\/452\/revisions"}],"predecessor-version":[{"id":585,"href":"https:\/\/rewindcampeonato.com\/index.php\/wp-json\/wp\/v2\/pages\/452\/revisions\/585"}],"wp:attachment":[{"href":"https:\/\/rewindcampeonato.com\/index.php\/wp-json\/wp\/v2\/media?parent=452"}],"curies":[{"name":"wp","href":"https:\/\/api.w.org\/{rel}","templated":true}]}}